{"id":864,"date":"2025-03-11T17:25:03","date_gmt":"2025-03-11T15:25:03","guid":{"rendered":"https:\/\/www.ro.design\/product\/in-out\/"},"modified":"2026-02-09T17:04:28","modified_gmt":"2026-02-09T15:04:28","slug":"in-out","status":"publish","type":"product","link":"https:\/\/www.ro.design\/it\/prodotti\/in-out\/","title":{"rendered":"In &amp; Out"},"content":{"rendered":"\n<!-- TITLES -->\n<div class=\"titles custom-block\" >\n    <h1>In &amp; Out<\/h1>\n<\/div>\n\n\n<!-- SECTION HERO PAGE STANDARD -->\n\n<!-- SECTION HERO PAGE STANDARD -->\n    <div id=\"gallery_6a0479ad1ff1c\" class=\"gallery-slider\">\n                                <div class=\"gallery-slider--item\">\n                        <a href=\"https:\/\/www.ro.design\/wp-content\/uploads\/2025\/03\/inout1.webp\"\n                        data-gallery=\"gallery_6a0479ad1ff1c\"\n                        data-description=\"\">\n                    <img decoding=\"async\" class=\"lazy\" src=\"https:\/\/www.ro.design\/wp-content\/uploads\/2025\/03\/inout1.webp\"\n                         alt=\"\" \/>\n                <\/a>\n            <\/div>\n                                            <div class=\"gallery-slider--item\">\n                        <a href=\"https:\/\/www.ro.design\/wp-content\/uploads\/2025\/03\/inout2.webp\"\n                        data-gallery=\"gallery_6a0479ad1ff1c\"\n                        data-description=\"\">\n                    <img decoding=\"async\" class=\"lazy\" src=\"https:\/\/www.ro.design\/wp-content\/uploads\/2025\/03\/inout2.webp\"\n                         alt=\"\" \/>\n                <\/a>\n            <\/div>\n                                            <div class=\"gallery-slider--item\">\n                        <a href=\"https:\/\/www.ro.design\/wp-content\/uploads\/2025\/03\/inout3.webp\"\n                        data-gallery=\"gallery_6a0479ad1ff1c\"\n                        data-description=\"\">\n                    <img decoding=\"async\" class=\"lazy\" src=\"https:\/\/www.ro.design\/wp-content\/uploads\/2025\/03\/inout3.webp\"\n                         alt=\"\" \/>\n                <\/a>\n            <\/div>\n                                            <div class=\"gallery-slider--item\">\n                        <a href=\"https:\/\/www.ro.design\/wp-content\/uploads\/2025\/03\/inout4.webp\"\n                        data-gallery=\"gallery_6a0479ad1ff1c\"\n                        data-description=\"\">\n                    <img decoding=\"async\" class=\"lazy\" src=\"https:\/\/www.ro.design\/wp-content\/uploads\/2025\/03\/inout4.webp\"\n                         alt=\"\" \/>\n                <\/a>\n            <\/div>\n                                            <div class=\"gallery-slider--item\">\n                        <a href=\"https:\/\/www.ro.design\/wp-content\/uploads\/2025\/03\/inout5.webp\"\n                        data-gallery=\"gallery_6a0479ad1ff1c\"\n                        data-description=\"\">\n                    <img decoding=\"async\" class=\"lazy\" src=\"https:\/\/www.ro.design\/wp-content\/uploads\/2025\/03\/inout5.webp\"\n                         alt=\"\" \/>\n                <\/a>\n            <\/div>\n                                            <div class=\"gallery-slider--item\">\n                        <a href=\"https:\/\/www.ro.design\/wp-content\/uploads\/2025\/03\/inout6.webp\"\n                        data-gallery=\"gallery_6a0479ad1ff1c\"\n                        data-description=\"\">\n                    <img decoding=\"async\" class=\"lazy\" src=\"https:\/\/www.ro.design\/wp-content\/uploads\/2025\/03\/inout6.webp\"\n                         alt=\"\" \/>\n                <\/a>\n            <\/div>\n                                            <div class=\"gallery-slider--item\">\n                        <a href=\"https:\/\/www.ro.design\/wp-content\/uploads\/2025\/03\/inout7.webp\"\n                        data-gallery=\"gallery_6a0479ad1ff1c\"\n                        data-description=\"\">\n                    <img decoding=\"async\" class=\"lazy\" src=\"https:\/\/www.ro.design\/wp-content\/uploads\/2025\/03\/inout7.webp\"\n                         alt=\"\" \/>\n                <\/a>\n            <\/div>\n                                            <div class=\"gallery-slider--item\">\n                        <a href=\"https:\/\/www.ro.design\/wp-content\/uploads\/2025\/03\/inout8.webp\"\n                        data-gallery=\"gallery_6a0479ad1ff1c\"\n                        data-description=\"\">\n                    <img decoding=\"async\" class=\"lazy\" src=\"https:\/\/www.ro.design\/wp-content\/uploads\/2025\/03\/inout8.webp\"\n                         alt=\"\" \/>\n                <\/a>\n            <\/div>\n                                            <div class=\"gallery-slider--item\">\n                        <a href=\"https:\/\/www.ro.design\/wp-content\/uploads\/2025\/03\/inout9.webp\"\n                        data-gallery=\"gallery_6a0479ad1ff1c\"\n                        data-description=\"\">\n                    <img decoding=\"async\" class=\"lazy\" src=\"https:\/\/www.ro.design\/wp-content\/uploads\/2025\/03\/inout9.webp\"\n                         alt=\"\" \/>\n                <\/a>\n            <\/div>\n                                            <div class=\"gallery-slider--item\">\n                        <a href=\"https:\/\/www.ro.design\/wp-content\/uploads\/2025\/03\/inout10.webp\"\n                        data-gallery=\"gallery_6a0479ad1ff1c\"\n                        data-description=\"\">\n                    <img decoding=\"async\" class=\"lazy\" src=\"https:\/\/www.ro.design\/wp-content\/uploads\/2025\/03\/inout10.webp\"\n                         alt=\"\" \/>\n                <\/a>\n            <\/div>\n                        <\/div>\n\n\n\n<!-- SECTION columns text -->\n    <div class=\"columns-text\">\n                    <div class=\"columns-text--column\">\n                <section class=\"product-text observe white-section\">\n<section class=\"product-text observe white-section\">\n<section class=\"product-text observe white-section\">\n<div class=\"div-block-51\">\n<p>La serie In &amp; Out \u00e8 pensata per farsi notare. Apparentemente casuale ma rigorosamente equilibrata, la superficie gioca con diversi livelli di profondit\u00e0, dimensione e colore, dando vita a un design tridimensionale che mette alla prova la percezione. Elementi grandi accanto a quelli pi\u00f9 piccoli, superfici in rilievo accostate a parti piane, texture essenziali che dialogano con segni pi\u00f9 decisi: ogni combinazione \u00e8 studiata per risultare sorprendente da qualsiasi punto dell\u2019ambiente.<\/p>\n<\/div>\n<\/section>\n<\/section>\n<\/section>\n            <\/div>\n                    <div class=\"columns-text--column\">\n                <p class=\"product-paragraph\">Il design \u00e8 adatto sia a spazi interni che esterni e pu\u00f2 essere personalizzato in una palette di dieci tonalit\u00e0, con finitura opzionale liscia o materica. Le mattonelle In &amp; Out sono disponibili in preordine per applicazioni a parete e a pavimento; nelle soluzioni a pavimento, le superfici restano uniformi per garantire continuit\u00e0 e funzionalit\u00e0.<\/p>\n<p>&nbsp;<\/p>\n<p><strong><em>Designed by Yoav Anderman<\/em><\/strong><\/p>\n            <\/div>\n            <\/div>\n","protected":false},"featured_media":52,"template":"","meta":{"_acf_changed":true},"class_list":["post-864","product","type-product","status-publish","has-post-thumbnail","hentry"],"acf":[],"_links":{"self":[{"href":"https:\/\/www.ro.design\/it\/wp-json\/wp\/v2\/product\/864","targetHints":{"allow":["GET"]}}],"collection":[{"href":"https:\/\/www.ro.design\/it\/wp-json\/wp\/v2\/product"}],"about":[{"href":"https:\/\/www.ro.design\/it\/wp-json\/wp\/v2\/types\/product"}],"wp:featuredmedia":[{"embeddable":true,"href":"https:\/\/www.ro.design\/it\/wp-json\/wp\/v2\/media\/52"}],"wp:attachment":[{"href":"https:\/\/www.ro.design\/it\/wp-json\/wp\/v2\/media?parent=864"}],"curies":[{"name":"wp","href":"https:\/\/api.w.org\/{rel}","templated":true}]}}