{"id":855,"date":"2025-03-11T17:25:29","date_gmt":"2025-03-11T15:25:29","guid":{"rendered":"https:\/\/www.ro.design\/product\/basic\/"},"modified":"2026-02-09T16:26:00","modified_gmt":"2026-02-09T14:26:00","slug":"basic","status":"publish","type":"product","link":"https:\/\/www.ro.design\/it\/prodotti\/basic\/","title":{"rendered":"Basic"},"content":{"rendered":"\n<!-- TITLES -->\n<div class=\"titles custom-block\" >\n    <h1>BASIC<\/h1>\n<\/div>\n\n\n<!-- SECTION HERO PAGE STANDARD -->\n\n<!-- SECTION HERO PAGE STANDARD -->\n    <div id=\"gallery_6a04797951a0a\" class=\"gallery-slider\">\n                                <div class=\"gallery-slider--item\">\n                        <a href=\"https:\/\/www.ro.design\/wp-content\/uploads\/2025\/03\/basic1.webp\"\n                        data-gallery=\"gallery_6a04797951a0a\"\n                        data-description=\"\">\n                    <img decoding=\"async\" class=\"lazy\" src=\"https:\/\/www.ro.design\/wp-content\/uploads\/2025\/03\/basic1.webp\"\n                         alt=\"\" \/>\n                <\/a>\n            <\/div>\n                                            <div class=\"gallery-slider--item\">\n                        <a href=\"https:\/\/www.ro.design\/wp-content\/uploads\/2025\/03\/basic2-1.webp\"\n                        data-gallery=\"gallery_6a04797951a0a\"\n                        data-description=\"\">\n                    <img decoding=\"async\" class=\"lazy\" src=\"https:\/\/www.ro.design\/wp-content\/uploads\/2025\/03\/basic2-1.webp\"\n                         alt=\"\" \/>\n                <\/a>\n            <\/div>\n                                            <div class=\"gallery-slider--item\">\n                        <a href=\"https:\/\/www.ro.design\/wp-content\/uploads\/2025\/03\/basic9.webp\"\n                        data-gallery=\"gallery_6a04797951a0a\"\n                        data-description=\"\">\n                    <img decoding=\"async\" class=\"lazy\" src=\"https:\/\/www.ro.design\/wp-content\/uploads\/2025\/03\/basic9.webp\"\n                         alt=\"\" \/>\n                <\/a>\n            <\/div>\n                                            <div class=\"gallery-slider--item\">\n                        <a href=\"https:\/\/www.ro.design\/wp-content\/uploads\/2025\/03\/basic3.webp\"\n                        data-gallery=\"gallery_6a04797951a0a\"\n                        data-description=\"\">\n                    <img decoding=\"async\" class=\"lazy\" src=\"https:\/\/www.ro.design\/wp-content\/uploads\/2025\/03\/basic3.webp\"\n                         alt=\"\" \/>\n                <\/a>\n            <\/div>\n                                            <div class=\"gallery-slider--item\">\n                        <a href=\"https:\/\/www.ro.design\/wp-content\/uploads\/2025\/03\/basic4.webp\"\n                        data-gallery=\"gallery_6a04797951a0a\"\n                        data-description=\"\">\n                    <img decoding=\"async\" class=\"lazy\" src=\"https:\/\/www.ro.design\/wp-content\/uploads\/2025\/03\/basic4.webp\"\n                         alt=\"\" \/>\n                <\/a>\n            <\/div>\n                                            <div class=\"gallery-slider--item\">\n                        <a href=\"https:\/\/www.ro.design\/wp-content\/uploads\/2025\/03\/basic5.webp\"\n                        data-gallery=\"gallery_6a04797951a0a\"\n                        data-description=\"\">\n                    <img decoding=\"async\" class=\"lazy\" src=\"https:\/\/www.ro.design\/wp-content\/uploads\/2025\/03\/basic5.webp\"\n                         alt=\"\" \/>\n                <\/a>\n            <\/div>\n                                            <div class=\"gallery-slider--item\">\n                        <a href=\"https:\/\/www.ro.design\/wp-content\/uploads\/2025\/03\/basic6.webp\"\n                        data-gallery=\"gallery_6a04797951a0a\"\n                        data-description=\"\">\n                    <img decoding=\"async\" class=\"lazy\" src=\"https:\/\/www.ro.design\/wp-content\/uploads\/2025\/03\/basic6.webp\"\n                         alt=\"\" \/>\n                <\/a>\n            <\/div>\n                                            <div class=\"gallery-slider--item\">\n                        <a href=\"https:\/\/www.ro.design\/wp-content\/uploads\/2025\/03\/basic7.webp\"\n                        data-gallery=\"gallery_6a04797951a0a\"\n                        data-description=\"\">\n                    <img decoding=\"async\" class=\"lazy\" src=\"https:\/\/www.ro.design\/wp-content\/uploads\/2025\/03\/basic7.webp\"\n                         alt=\"\" \/>\n                <\/a>\n            <\/div>\n                                            <div class=\"gallery-slider--item\">\n                        <a href=\"https:\/\/www.ro.design\/wp-content\/uploads\/2025\/03\/basic8.webp\"\n                        data-gallery=\"gallery_6a04797951a0a\"\n                        data-description=\"\">\n                    <img decoding=\"async\" class=\"lazy\" src=\"https:\/\/www.ro.design\/wp-content\/uploads\/2025\/03\/basic8.webp\"\n                         alt=\"\" \/>\n                <\/a>\n            <\/div>\n                                            <div class=\"gallery-slider--item\">\n                        <a href=\"https:\/\/www.ro.design\/wp-content\/uploads\/2025\/03\/basic10.webp\"\n                        data-gallery=\"gallery_6a04797951a0a\"\n                        data-description=\"\">\n                    <img decoding=\"async\" class=\"lazy\" src=\"https:\/\/www.ro.design\/wp-content\/uploads\/2025\/03\/basic10.webp\"\n                         alt=\"\" \/>\n                <\/a>\n            <\/div>\n                        <\/div>\n\n\n\n<!-- SECTION columns text -->\n    <div class=\"columns-text\">\n                    <div class=\"columns-text--column\">\n                <section class=\"product-text observe white-section\">\n<div class=\"div-block-51\">\n<p class=\"product-paragraph first\"><b>Semplice nella forma, significativa nell\u2019impatto.<\/b><\/p>\n<\/div>\n<p>La serie Basic \u00e8 essenziale e sorprendente. Apparentemente minimale, offre infinite possibilit\u00e0 compositive grazie alla libert\u00e0 di posa, capace di generare effetti visivi di grande forza. Con tre formati disponibili, tra quadrati e rettangoli in cemento, \u00e8 possibile creare un linguaggio uniforme in un ambiente e sperimentare una composizione pi\u00f9 libera in quello successivo.<\/p>\n<p>&nbsp;<\/p>\n<\/section>\n            <\/div>\n                    <div class=\"columns-text--column\">\n                <p>Le mattonelle Basic sono disponibili in preordine per applicazioni a parete e a pavimento, con finitura opzionale liscia o materica. Il design \u00e8 completamente personalizzabile nelle dieci tonalit\u00e0 della collezione e si adatta con naturalezza sia agli spazi interni che a quelli esterni.<\/p>\n<p>&nbsp;<\/p>\n<p><strong><em>Designed by Yoav Anderman and Maor Aharon<\/em><\/strong><\/p>\n            <\/div>\n            <\/div>\n","protected":false},"featured_media":54,"template":"","meta":{"_acf_changed":false},"class_list":["post-855","product","type-product","status-publish","has-post-thumbnail","hentry"],"acf":[],"_links":{"self":[{"href":"https:\/\/www.ro.design\/it\/wp-json\/wp\/v2\/product\/855","targetHints":{"allow":["GET"]}}],"collection":[{"href":"https:\/\/www.ro.design\/it\/wp-json\/wp\/v2\/product"}],"about":[{"href":"https:\/\/www.ro.design\/it\/wp-json\/wp\/v2\/types\/product"}],"wp:featuredmedia":[{"embeddable":true,"href":"https:\/\/www.ro.design\/it\/wp-json\/wp\/v2\/media\/54"}],"wp:attachment":[{"href":"https:\/\/www.ro.design\/it\/wp-json\/wp\/v2\/media?parent=855"}],"curies":[{"name":"wp","href":"https:\/\/api.w.org\/{rel}","templated":true}]}}