{"id":817,"date":"2025-12-10T07:25:46","date_gmt":"2025-12-10T05:25:46","guid":{"rendered":"https:\/\/www.ro.design\/accessibility\/"},"modified":"2026-02-11T12:54:16","modified_gmt":"2026-02-11T10:54:16","slug":"accessibilita","status":"publish","type":"page","link":"https:\/\/www.ro.design\/it\/accessibilita\/","title":{"rendered":"Accessibilit\u00e0"},"content":{"rendered":"\n<p><\/p>\n\n\n\n<!-- SECTION columns text -->\n\n\n\n<!-- SECTION columns text -->\n\n\n\n<!-- SECTION columns text -->\n    <div class=\"columns-text\">\n                    <div class=\"columns-text--column\">\n                <p>RO DESIGN si impegna a fornire un&#8217;esperienza digitale inclusiva.<br \/>\nIl sito supporta la navigazione tramite tastiera, contrasto leggibile e compatibilit\u00e0 con i lettori di schermo.<\/p>\n<p><!-- Accessibility Coordinator --><\/p>\n<h2>Coordinatore Accessibilit\u00e0<\/h2>\n<p>Nome: Yael Cohen<br \/>\nTelefono: +972-3-5551234<br \/>\nEmail: <a href=\"mailto:yael@ro.design\">yael@ro.design<\/a><\/p>\n<p><!-- Physical Accessibility --><\/p>\n<h2><b>Accesso Fisico<\/b><\/h2>\n<p>L&#8217;azienda non dispone di un&#8217;area di ricezione al pubblico; i servizi sono forniti solo digitalmente.<\/p>\n<p><!-- Official Accessibility Statement --><\/p>\n<h2>Dichiarazione di accessibilit\u00e0<\/h2>\n<p>Il sito web di RO DESIGN \u00e8 stato sviluppato ponendo una forte attenzione ai principi di accessibilit\u00e0. Questo include il supporto alla navigazione tramite tastiera, una struttura del testo chiara, un adeguato contrasto cromatico per una lettura agevole, l\u2019utilizzo corretto di HTML semantico e la compatibilit\u00e0 con i lettori di schermo.Alcune funzionalit\u00e0 di accessibilit\u00e0 sono ancora in fase di implementazione e stiamo lavorando costantemente per migliorare l\u2019esperienza di navigazione per tutti gli utenti.<br \/>\nSe riscontri problemi di accessibilit\u00e0 o desideri suggerire miglioramenti, ti invitiamo a contattarci all\u2019indirizzo:<br \/>\n<a href=\"mailto:yael@ro.design\">yael@ro.design<\/a><\/p>\n<p><!-- Privacy Policy --><\/p>\n<h2>Informativa sulla privacy<\/h2>\n<p><b><\/b>Puoi consultare la nostra Informativa sulla privacy qui:<br \/>\n<a href=\"https:\/\/www.ro.design\/it\/privacy-policy\/\"><b>Privacy Policy<\/b><\/a><\/p>\n<p>Ultimo aggiornamento: <b>12.10.2025<\/b><\/p>\n            <\/div>\n            <\/div>\n\n\n\n<div style=\"height:100px\" aria-hidden=\"true\" class=\"wp-block-spacer\"><\/div>\n\n\n\n<p><\/p>\n","protected":false},"excerpt":{"rendered":"","protected":false},"author":66,"featured_media":0,"parent":0,"menu_order":0,"comment_status":"closed","ping_status":"closed","template":"","meta":{"_acf_changed":false,"footnotes":""},"class_list":["post-817","page","type-page","status-publish","hentry"],"acf":[],"_links":{"self":[{"href":"https:\/\/www.ro.design\/it\/wp-json\/wp\/v2\/pages\/817","targetHints":{"allow":["GET"]}}],"collection":[{"href":"https:\/\/www.ro.design\/it\/wp-json\/wp\/v2\/pages"}],"about":[{"href":"https:\/\/www.ro.design\/it\/wp-json\/wp\/v2\/types\/page"}],"author":[{"embeddable":true,"href":"https:\/\/www.ro.design\/it\/wp-json\/wp\/v2\/users\/66"}],"replies":[{"embeddable":true,"href":"https:\/\/www.ro.design\/it\/wp-json\/wp\/v2\/comments?post=817"}],"version-history":[{"count":5,"href":"https:\/\/www.ro.design\/it\/wp-json\/wp\/v2\/pages\/817\/revisions"}],"predecessor-version":[{"id":885,"href":"https:\/\/www.ro.design\/it\/wp-json\/wp\/v2\/pages\/817\/revisions\/885"}],"wp:attachment":[{"href":"https:\/\/www.ro.design\/it\/wp-json\/wp\/v2\/media?parent=817"}],"curies":[{"name":"wp","href":"https:\/\/api.w.org\/{rel}","templated":true}]}}