{"id":797,"date":"2025-03-11T12:28:49","date_gmt":"2025-03-11T10:28:49","guid":{"rendered":"https:\/\/www.ro.design\/sustainability\/"},"modified":"2026-02-09T12:52:48","modified_gmt":"2026-02-09T10:52:48","slug":"sostenibilita","status":"publish","type":"page","link":"https:\/\/www.ro.design\/it\/sostenibilita\/","title":{"rendered":"Sostenibilit\u00e0"},"content":{"rendered":"\n<!-- SECTION HEAD SUSTENIBILITY -->\n<div class=\"sustenibility\">\n    <div class=\"sustenibility--image\">\n        <img decoding=\"async\" src=\"https:\/\/www.ro.design\/wp-content\/uploads\/2025\/05\/image-head-sustainability.webp\" alt=\"\">\n    <\/div>\n    <div class=\"sustenibility--text\">\n        <div class=\"sustenibility--textwrap\">\n            <h1>Dichiarazione<br> di sostenibilit\u00e0<\/h1>\n            <p>In qualit\u00e0 di pionieri nel design di rivestimenti architettonici in cemento di alta gamma, perseguiamo soluzioni innovative, durevoli ed eco-consapevoli che trasformano gli spazi salvaguardando il pianeta.<\/p>\n<p>La sostenibilit\u00e0 non \u00e8 solo responsabilit\u00e0 ambientale, ma un vantaggio competitivo in un settore in continua evoluzione.<\/p>\n             <h2><h2>In RO Design, la sostenibilit\u00e0 \u00e8 al centro di tutto ci\u00f2 che creiamo.<\/h2>\n <\/h2>\n        <\/div>\n    <\/div>\n<\/div>\n\n\n<div style=\"height:100px\" aria-hidden=\"true\" class=\"wp-block-spacer\"><\/div>\n\n\n\n<!-- SECTION columns text -->\n    <div class=\"columns-text\">\n                    <div class=\"columns-text--column\">\n                <h3><b>MATERIALI<br \/>\nECO-COMPATIBILI<\/b><\/h3>\n<p>I nostri sforzi in materia di sostenibilit\u00e0 iniziano dalla scelta dei materiali. A differenza delle piastrelle tradizionali in cemento o ceramica, che si basano su processi ad alto consumo di risorse, le nostre formulazioni avanzate di calcestruzzo riducono l\u2019impatto ambientale senza compromettere resistenza, durabilit\u00e0 o valore estetico. Il nostro processo produttivo genera il <b>20% di CO\u2082 in meno<\/b> rispetto alle piastrelle ceramiche convenzionali, mantenendo al contempo elevate prestazioni. La scelta di materiali di provenienza locale riduce le emissioni legate al trasporto e rafforza il legame con il territorio, garantendo che ogni progetto rispetti i pi\u00f9 alti standard ambientali.<\/p>\n            <\/div>\n                    <div class=\"columns-text--column\">\n                <h3><b>FILOSOFIA<br \/>\nDEL DESIGN CIRCOLARE<\/b><\/h3>\n<p>Non ci limitiamo a parlare di sostenibilit\u00e0: la pratichiamo. La nostra filosofia di design circolare prevede che gli scarti di produzione vengano recuperati e reintrodotti in nuove progettualit\u00e0. Riutilizzando gli aggregati provenienti da materiali di formato maggiore, riduciamo i rifiuti fino al <b>30%<\/b> rispetto ai metodi produttivi tradizionali. Questo approccio limita il consumo di risorse e apre nuove possibilit\u00e0 espressive, permettendoci di sviluppare soluzioni su misura e design unici, capaci di distinguere ogni progetto. Con Ro Design offri ai tuoi clienti prodotti che uniscono eccellenza estetica e responsabilit\u00e0 ambientale, senza compromessi.<\/p>\n            <\/div>\n            <\/div>\n\n\n\n<div style=\"height:100px\" aria-hidden=\"true\" class=\"wp-block-spacer\"><\/div>\n\n\n\n<!-- SECTION columns text -->\n    <div class=\"columns-text\">\n                    <div class=\"columns-text--column\">\n                <h3><b>COSTRUITO<br \/>\nPER DURARE<\/b><\/h3>\n<p>La sostenibilit\u00e0 \u00e8 una questione di durata nel tempo. Ogni elemento Ro Design \u00e8 progettato per durare fino a <b>50 anni<\/b>, superando di gran lunga la vita utile di materiali tradizionali come la ceramica o il cemento standard. Questa longevit\u00e0 si traduce in meno sostituzioni, meno sprechi e costi ridotti nel lungo periodo per i clienti. Scegliere Ro Design significa investire in soluzioni capaci di ridurre l\u2019impatto ambientale dei progetti lungo l\u2019intero ciclo di vita.<\/p>\n            <\/div>\n                    <div class=\"columns-text--column\">\n                <h3><b>PRODUZIONE<br \/>\nSU RICHIESTA:<\/b><\/h3>\n<p>La produzione di massa tradizionale genera spesso eccedenze, sprechi ed emissioni di CO\u2082 non necessarie. Ro Design ridefinisce questo modello attraverso un approccio <b>made-to-order<\/b>, che elimina la sovrapproduzione e riduce al minimo gli scarti. Ogni elemento viene realizzato su specifica del cliente, consentendo di abbattere l\u2019impronta ambientale dei progetti e offrendo al tempo stesso una flessibilit\u00e0 progettuale senza compromessi. Con Ro Design \u00e8 possibile creare spazi davvero unici, in cui visione creativa e valori condivisi trovano una forma concreta.<\/p>\n            <\/div>\n            <\/div>\n\n\n\n<div style=\"height:100px\" aria-hidden=\"true\" class=\"wp-block-spacer\"><\/div>\n\n\n\n<!-- SECTION columns text -->\n    <div class=\"columns-text\">\n                    <div class=\"columns-text--column\">\n                <div class=\"columns-text--column\">\n<h3><b>IMPEGNO<br \/>\nPER L\u2019ENERGIA RINNOVABILE<\/b><\/h3>\n<p>Stiamo guidando la transizione verso un modello produttivo a <b>emissioni carbon-neutral<\/b>, integrando fonti di energia rinnovabile come solare ed eolico nei nostri processi operativi. Abbiamo gi\u00e0 ridotto le emissioni del <b>15%<\/b> rispetto alla media del settore e compensiamo quelle residue attraverso progetti di sostenibilit\u00e0 certificati. Ogni prodotto Ro Design contribuisce in modo concreto a un futuro pi\u00f9 pulito e responsabile.<\/p>\n<\/div>\n            <\/div>\n                    <div class=\"columns-text--column\">\n                <div class=\"columns-text--column\">\n<h3 data-path-to-node=\"1\"><b data-path-to-node=\"1\" data-index-in-node=\"0\">TRASPARENZA<br \/>\nE CERTIFICAZIONI<\/b><\/h3>\n<p data-path-to-node=\"2\">Garantiamo che tutti i materiali utilizzati nella nostra produzione rispettino gli standard e le certificazioni globali di sostenibilit\u00e0, assicurandone la responsabilit\u00e0 ambientale e sociale. La <b data-path-to-node=\"2\" data-index-in-node=\"195\">trasparenza<\/b> \u00e8 un principio fondamentale che guida il nostro operato, garantendo fiducia e responsabilit\u00e0 in ogni fase del processo.<\/p>\n<\/div>\n            <\/div>\n            <\/div>\n\n\n\n<div style=\"height:100px\" aria-hidden=\"true\" class=\"wp-block-spacer\"><\/div>\n\n\n\n<!-- SECTION columns text -->\n    <div class=\"columns-text\">\n                    <div class=\"columns-text--column\">\n                <div class=\"columns-text--column\">\n<h3><b>RESPONSABILIT\u00c0<br \/>\nSOCIALE<\/b><\/h3>\n<p>La sostenibilit\u00e0 va oltre l\u2019ambiente: riguarda anche le persone. Collaborando con fornitori e artigiani locali, riduciamo l\u2019impatto ambientale legato al trasporto dei materiali e favoriamo una crescita economica sostenibile. Scegliere Ro Design significa sostenere una rete di realt\u00e0 locali e contribuire alla creazione di valore che rafforza le economie del territorio.<\/p>\n<\/div>\n            <\/div>\n                    <div class=\"columns-text--column\">\n                <div class=\"columns-text--column\">\n<h3><b>INNOVAZIONE<br \/>\nE RESPONSABILIT\u00c0<\/b><\/h3>\n<p>In Ro Design, la sostenibilit\u00e0 \u00e8 il motore della ricerca e dello sviluppo. Esploriamo costantemente nuovi materiali e processi per migliorare prestazioni e responsabilit\u00e0 ambientale. Spingendo i confini dell\u2019innovazione, definiamo nuovi standard per l\u2019industria del cemento e offriamo ad architetti e progettisti gli strumenti per guidare un design realmente sostenibile.<\/p><\/div>\n            <\/div>\n            <\/div>\n\n\n\n<div style=\"height:100px\" aria-hidden=\"true\" class=\"wp-block-spacer\"><\/div>\n\n\n\n<!-- SECTION banner-fiture-goals -->\n<div class=\"banner-fiture-goals\">\n    <div class=\"ro-container--full\">\n    <div class=\"banner-fiture-goals--text\">\n        <div class=\"banner-fiture-goals--textwrap\">\n            <h3>OBIETTIVI FUTURI<\/h3>\n            <p>Non ci fermiamo qui.<\/p>\n<p>Entro il 2030 puntiamo a ridurre le emissioni di produzione del 50% e ad aumentare del 40% l\u2019impiego di materiali riciclati.<\/p>\n<p>Obiettivi ambiziosi che riflettono un impegno concreto e continuo verso un futuro pi\u00f9 sostenibile, un percorso che vogliamo condividere con te. Scegliere Ro Design non significa semplicemente seguire le evoluzioni del settore, ma anticiparle.<\/p>\n        <\/div>\n    <\/div>\n    <div class=\"banner-fiture-goals--image\">\n        <img decoding=\"async\" src=\"https:\/\/www.ro.design\/wp-content\/uploads\/2025\/05\/img-future.webp\" alt=\"\">\n    <\/div>\n    <\/div>\n<\/div>","protected":false},"excerpt":{"rendered":"","protected":false},"author":1,"featured_media":0,"parent":0,"menu_order":0,"comment_status":"closed","ping_status":"closed","template":"","meta":{"_acf_changed":false,"footnotes":""},"class_list":["post-797","page","type-page","status-publish","hentry"],"acf":[],"_links":{"self":[{"href":"https:\/\/www.ro.design\/it\/wp-json\/wp\/v2\/pages\/797","targetHints":{"allow":["GET"]}}],"collection":[{"href":"https:\/\/www.ro.design\/it\/wp-json\/wp\/v2\/pages"}],"about":[{"href":"https:\/\/www.ro.design\/it\/wp-json\/wp\/v2\/types\/page"}],"author":[{"embeddable":true,"href":"https:\/\/www.ro.design\/it\/wp-json\/wp\/v2\/users\/1"}],"replies":[{"embeddable":true,"href":"https:\/\/www.ro.design\/it\/wp-json\/wp\/v2\/comments?post=797"}],"version-history":[{"count":7,"href":"https:\/\/www.ro.design\/it\/wp-json\/wp\/v2\/pages\/797\/revisions"}],"predecessor-version":[{"id":809,"href":"https:\/\/www.ro.design\/it\/wp-json\/wp\/v2\/pages\/797\/revisions\/809"}],"wp:attachment":[{"href":"https:\/\/www.ro.design\/it\/wp-json\/wp\/v2\/media?parent=797"}],"curies":[{"name":"wp","href":"https:\/\/api.w.org\/{rel}","templated":true}]}}