{"id":773,"date":"2025-03-11T12:27:07","date_gmt":"2025-03-11T10:27:07","guid":{"rendered":"https:\/\/www.ro.design\/our-story\/"},"modified":"2026-02-11T16:02:06","modified_gmt":"2026-02-11T14:02:06","slug":"la-nostra-storia","status":"publish","type":"page","link":"https:\/\/www.ro.design\/it\/la-nostra-storia\/","title":{"rendered":"La nostra storia"},"content":{"rendered":"\n<!-- TITLES -->\n<div class=\"titles custom-block\" hidden>\n    <h1>La nostra storia<\/h1>\n<\/div>\n\n\n\n<!-- TITLES -->\n<div class=\"titles custom-block\" >\n    <h2 class=\"crimson-headline nir about\">Pi\u00f9 di un semplice materiale<\/h2>\n<\/div>\n\n\n\n<!-- SECTION columns text -->\n    <div class=\"columns-text\">\n                    <div class=\"columns-text--column\">\n                <div class=\"column-15 w-col w-col-6\">\n<div>\n<p class=\"alte-text nir\">L\u2019imperfezione \u00e8 l\u2019anima di RO; ogni mattonella racconta una storia individuale attraverso irregolarit\u00e0, rilievi e i segni che ne solcano la struttura. Da anni RO sperimenta con le finiture superficiali, esplorando forme, direzioni, stratificazioni e pattern per sfidare i limiti del cemento.<\/p>\n<\/div>\n<\/div>\n<div class=\"column-16 w-col w-col-6\">\n<div>\n<p class=\"alte-text nir\">\n<\/div>\n<\/div>\n            <\/div>\n                    <div class=\"columns-text--column\">\n                <p>RO restituisce al cemento una nuova identit\u00e0, densa di energia, calore e bellezza. Lavorando in armonia con l&#8217;imprevedibilit\u00e0 della materia anzich\u00e9 contrastarla, creiamo mattonelle uniche e senza tempo che vestono pareti e pavimenti in tutto il mondo.<\/p>\n            <\/div>\n            <\/div>\n\n\n\n<!-- TITLES -->\n<div class=\"titles custom-block\" >\n    <h2 class=\"crimson-headline nir space about\">La storia di RO<b><\/b><\/h2>\n<\/div>\n\n\n\n<div class=\"single-image ratio-wrap\">\n    <img decoding=\"async\" src=\"https:\/\/www.ro.design\/wp-content\/uploads\/2025\/03\/our-story.webp\">\n<\/div>\n\n\n\n<!-- SECTION columns text -->\n    <div class=\"columns-text\">\n                    <div class=\"columns-text--column\">\n                <div class=\"column-15 w-col w-col-6\">\n<div>\n<p class=\"alte-text nir\">RO trae ispirazione dall&#8217;estetica tradizionale giapponese, il Wabi-sabi.<br \/>\nIl Wabi-sabi \u00e8 l&#8217;accettazione dell&#8217;imperfezione, della natura integrata nel design d&#8217;interni. &#8220;RO&#8221; si traduce in &#8220;rugiada del mattino&#8221;, una delle imperfezioni della natura che, dalla giusta prospettiva, si rivela bellissima nella sua forma pi\u00f9 semplice.<\/p>\n<\/div>\n<\/div>\n<div class=\"column-16 w-col w-col-6\">\n<div>\n<p class=\"alte-text nir\">\n<\/div>\n<\/div>\n            <\/div>\n                    <div class=\"columns-text--column\">\n                <p>Tali Edri opera nel panorama del design internazionale da oltre 20 anni. Insieme al team RO, ha compreso che l&#8217;imprevedibilit\u00e0 del cemento permetteva di generare pattern e trame irripetibili. Infondendo un tocco femminile e raffinato, sono nati pezzi unici che hanno dato vita all&#8217;identit\u00e0 attuale di RO.<\/p>\n<p>Tali e il suo team affiatato restano fedeli alla filosofia originaria di RO: abbracciare l\u2019imperfezione attraverso moderni rivestimenti in cemento.<\/p>\n<p class=\"alte-text nir\"><em>Team creativo: Tali Edri, Yoav Anderman, Meytal Levi, Lilach Lev, Maor Aharon, Betonada.<\/em><\/p>\n            <\/div>\n            <\/div>\n","protected":false},"excerpt":{"rendered":"","protected":false},"author":1,"featured_media":0,"parent":0,"menu_order":0,"comment_status":"closed","ping_status":"closed","template":"","meta":{"_acf_changed":false,"footnotes":""},"class_list":["post-773","page","type-page","status-publish","hentry"],"acf":[],"_links":{"self":[{"href":"https:\/\/www.ro.design\/it\/wp-json\/wp\/v2\/pages\/773","targetHints":{"allow":["GET"]}}],"collection":[{"href":"https:\/\/www.ro.design\/it\/wp-json\/wp\/v2\/pages"}],"about":[{"href":"https:\/\/www.ro.design\/it\/wp-json\/wp\/v2\/types\/page"}],"author":[{"embeddable":true,"href":"https:\/\/www.ro.design\/it\/wp-json\/wp\/v2\/users\/1"}],"replies":[{"embeddable":true,"href":"https:\/\/www.ro.design\/it\/wp-json\/wp\/v2\/comments?post=773"}],"version-history":[{"count":4,"href":"https:\/\/www.ro.design\/it\/wp-json\/wp\/v2\/pages\/773\/revisions"}],"predecessor-version":[{"id":886,"href":"https:\/\/www.ro.design\/it\/wp-json\/wp\/v2\/pages\/773\/revisions\/886"}],"wp:attachment":[{"href":"https:\/\/www.ro.design\/it\/wp-json\/wp\/v2\/media?parent=773"}],"curies":[{"name":"wp","href":"https:\/\/api.w.org\/{rel}","templated":true}]}}